{"id":2186,"date":"2022-06-30T13:49:07","date_gmt":"2022-06-30T13:49:07","guid":{"rendered":"https:\/\/theatreduvaudeville.be\/legal-notice\/"},"modified":"2022-07-15T09:20:01","modified_gmt":"2022-07-15T09:20:01","slug":"legal-notice","status":"publish","type":"page","link":"https:\/\/theatreduvaudeville.be\/en\/legal-notice\/","title":{"rendered":"Legal Notice"},"content":{"rendered":"\t\t<div data-elementor-type=\"wp-page\" data-elementor-id=\"2186\" class=\"elementor elementor-2186 elementor-2011\">\n\t\t\t\t\t\t\t\t\t<section class=\"has_eae_slider elementor-section elementor-top-section elementor-element elementor-element-1d38f5f elementor-section-boxed elementor-section-height-default elementor-section-height-default\" data-id=\"1d38f5f\" data-element_type=\"section\">\n\t\t\t\t\t\t<div class=\"elementor-container elementor-column-gap-default\">\n\t\t\t\t\t<div class=\"has_eae_slider elementor-column elementor-col-100 elementor-top-column elementor-element elementor-element-bdc3296\" data-id=\"bdc3296\" data-element_type=\"column\">\n\t\t\t<div class=\"elementor-widget-wrap elementor-element-populated\">\n\t\t\t\t\t\t\t\t<div class=\"elementor-element elementor-element-39e2777 elementor-widget elementor-widget-text-editor\" data-id=\"39e2777\" data-element_type=\"widget\" data-widget_type=\"text-editor.default\">\n\t\t\t\t<div class=\"elementor-widget-container\">\n\t\t\t<style>\/*! elementor - v3.14.0 - 26-06-2023 *\/\n.elementor-widget-text-editor.elementor-drop-cap-view-stacked .elementor-drop-cap{background-color:#69727d;color:#fff}.elementor-widget-text-editor.elementor-drop-cap-view-framed .elementor-drop-cap{color:#69727d;border:3px solid;background-color:transparent}.elementor-widget-text-editor:not(.elementor-drop-cap-view-default) .elementor-drop-cap{margin-top:8px}.elementor-widget-text-editor:not(.elementor-drop-cap-view-default) .elementor-drop-cap-letter{width:1em;height:1em}.elementor-widget-text-editor .elementor-drop-cap{float:left;text-align:center;line-height:1;font-size:50px}.elementor-widget-text-editor .elementor-drop-cap-letter{display:inline-block}<\/style>\t\t\t\t<h1>Legal Notice<\/h1>\nLe pr\u00e9sent site est d\u00e9tenu et exploit\u00e9 par GROUPE CHOUX DE BRUXELLES SA . Access to this Website and the use you make depends on your acceptance and respect of notices and disclaimers set forth below and elsewhere on the Website. By using the Website, you shall be deemed to have accepted these statements.\n<h3>EDITOR<\/h3>\nThe editor responsible for the website is: theatreduvaudeville.be\n\nA PROPOS S.A\nUnder the brand: th\u00e9\u00e2tre du Vaudeville\n\nGalerie de la reine, 13\n\n1000 Bruxelles\n\n0432.232.691\nPhone: +32 2 359 92 40\nE-mail: info@chou.be\n<h3>HOST<\/h3>\nThis website is hosted by Choux de Bruxelles.\n<h3>COOKIES<\/h3>\nThis website uses cookies. These files contain an identifier sent from a web server to the web browser and stored on the user\u2019s computer. They can be used to track user\u2019s actions during his visit. When visiting the site, users can also receive cookies from third parties, including Google Analytics. This solution allows us to analyze site usage and generate consultation statistics.\n<h3>Privacy Policy<\/h3>\nChoux de Bruxelles respects your privacy, see our \u201c<em>Privacy Policy<\/em>\u201d at <a href=\"https:\/\/theatreduvaudeville.be\/en\/personal-data\/\" style=\"color:#333333\">data policy<\/a>\t\t\t\t\t\t<\/div>\n\t\t\t\t<\/div>\n\t\t\t\t\t<\/div>\n\t\t<\/div>\n\t\t\t\t\t\t\t<\/div>\n\t\t<\/section>\n\t\t\t\t\t\t\t<\/div>\n\t\t","protected":false},"excerpt":{"rendered":"<p>Legal Notice Le pr\u00e9sent site est d\u00e9tenu et exploit\u00e9 par GROUPE CHOUX DE BRUXELLES SA . Access to this Website and the use you make depends on your acceptance and respect of notices and disclaimers set forth below and elsewhere on the Website. By using the Website, you shall be deemed to have accepted these [&hellip;]<\/p>\n","protected":false},"author":1,"featured_media":0,"parent":0,"menu_order":0,"comment_status":"closed","ping_status":"closed","template":"","meta":{"footnotes":""},"class_list":["post-2186","page","type-page","status-publish","hentry"],"_links":{"self":[{"href":"https:\/\/theatreduvaudeville.be\/en\/wp-json\/wp\/v2\/pages\/2186","targetHints":{"allow":["GET"]}}],"collection":[{"href":"https:\/\/theatreduvaudeville.be\/en\/wp-json\/wp\/v2\/pages"}],"about":[{"href":"https:\/\/theatreduvaudeville.be\/en\/wp-json\/wp\/v2\/types\/page"}],"author":[{"embeddable":true,"href":"https:\/\/theatreduvaudeville.be\/en\/wp-json\/wp\/v2\/users\/1"}],"replies":[{"embeddable":true,"href":"https:\/\/theatreduvaudeville.be\/en\/wp-json\/wp\/v2\/comments?post=2186"}],"version-history":[{"count":3,"href":"https:\/\/theatreduvaudeville.be\/en\/wp-json\/wp\/v2\/pages\/2186\/revisions"}],"predecessor-version":[{"id":2189,"href":"https:\/\/theatreduvaudeville.be\/en\/wp-json\/wp\/v2\/pages\/2186\/revisions\/2189"}],"wp:attachment":[{"href":"https:\/\/theatreduvaudeville.be\/en\/wp-json\/wp\/v2\/media?parent=2186"}],"curies":[{"name":"wp","href":"https:\/\/api.w.org\/{rel}","templated":true}]}}